{"id":2206,"date":"2024-02-29T09:31:41","date_gmt":"2024-02-29T08:31:41","guid":{"rendered":"https:\/\/cirqueoupresque.bzh\/?page_id=2206"},"modified":"2026-03-24T13:57:40","modified_gmt":"2026-03-24T12:57:40","slug":"devenir-benevole","status":"publish","type":"page","link":"https:\/\/cirqueoupresque.bzh\/index.php\/devenir-benevole\/","title":{"rendered":"Devenir b\u00e9n\u00e9vole"},"content":{"rendered":"<h3 style=\"text-align: justify;\">Envie de d\u00e9couvrir les coulisses du festival et prendre part \u00e0 cette belle aventure humaine et circassienne ?<\/h3>\n<p style=\"text-align: justify;\">Devenez b\u00e9n\u00e9vole pour cette nouvelle \u00e9dition de\u00a0<a href=\"https:\/\/cirqueoupresque.bzh\/\" target=\"_blank\" rel=\"noopener\">Cirque ou Presque <\/a>et participez \u00e0 son bon d\u00e9roul\u00e9 (accueil des publics et des artistes, montage et d\u00e9montage du site, supervision des spectacles, etc.) !\ud83c\udfaa<\/p>\n<p><img loading=\"lazy\" decoding=\"async\" class=\"alignnone  wp-image-3303\" src=\"https:\/\/cirqueoupresque.bzh\/wp-content\/uploads\/2026\/03\/Save-the-date-COP26-5-300x300.png\" alt=\"\" width=\"440\" height=\"440\" srcset=\"https:\/\/cirqueoupresque.bzh\/wp-content\/uploads\/2026\/03\/Save-the-date-COP26-5-300x300.png 300w, https:\/\/cirqueoupresque.bzh\/wp-content\/uploads\/2026\/03\/Save-the-date-COP26-5-1024x1024.png 1024w, https:\/\/cirqueoupresque.bzh\/wp-content\/uploads\/2026\/03\/Save-the-date-COP26-5-150x150.png 150w, https:\/\/cirqueoupresque.bzh\/wp-content\/uploads\/2026\/03\/Save-the-date-COP26-5-768x768.png 768w, https:\/\/cirqueoupresque.bzh\/wp-content\/uploads\/2026\/03\/Save-the-date-COP26-5-1000x1000.png 1000w, https:\/\/cirqueoupresque.bzh\/wp-content\/uploads\/2026\/03\/Save-the-date-COP26-5-230x230.png 230w, https:\/\/cirqueoupresque.bzh\/wp-content\/uploads\/2026\/03\/Save-the-date-COP26-5-350x350.png 350w, https:\/\/cirqueoupresque.bzh\/wp-content\/uploads\/2026\/03\/Save-the-date-COP26-5-480x480.png 480w, https:\/\/cirqueoupresque.bzh\/wp-content\/uploads\/2026\/03\/Save-the-date-COP26-5.png 1080w\" sizes=\"(max-width: 440px) 100vw, 440px\" \/><\/p>\n<h3 style=\"text-align: justify;\">Comment faire\u00a0pour \u00eatre b\u00e9n\u00e9vole ?<\/h3>\n<p style=\"text-align: justify;\">Rien de plus simple ! Vous pouvez vous inscrire via la plateforme <a href=\"https:\/\/app.qoezion.com\/go\/events\/14512d06-2f23-48bc-a1db-8878efe1e642\">Qoezion<\/a>. Il vous suffit de cr\u00e9er votre compte, et de remplir le questionnaire en ligne.<\/p>\n<p style=\"text-align: justify;\">Votre planning, vos missions et toutes les informations figureront directement sur Qoezion.<\/p>\n<p style=\"text-align: justify;\">Nous privil\u00e9gions l&#8217;utilisation de la plateforme, mais vous pouvez \u00e9galement vous inscrire en contactant le service culture du Pays de Ch\u00e2teaugiron Communaut\u00e9.<\/p>\n<p>&nbsp;<\/p>\n<h3>Contact :<\/h3>\n<p>Service culture<br \/>\n<a href=\"culture@pcc.bzh\">culture@pcc.bzh<\/a> \/ 02 99 37 97 06<\/p>\n<p>&nbsp;<\/p>\n<p>&nbsp;<\/p>\n","protected":false},"excerpt":{"rendered":"<p>Envie de d\u00e9couvrir les coulisses du festival et prendre part \u00e0 cette belle aventure humaine et circassienne ? Devenez b\u00e9n\u00e9vole pour cette [&hellip;]<\/p>\n","protected":false},"author":7,"featured_media":0,"parent":0,"menu_order":0,"comment_status":"closed","ping_status":"closed","template":"","meta":{"footnotes":""},"aioseo_notices":[],"_links":{"self":[{"href":"https:\/\/cirqueoupresque.bzh\/index.php\/wp-json\/wp\/v2\/pages\/2206"}],"collection":[{"href":"https:\/\/cirqueoupresque.bzh\/index.php\/wp-json\/wp\/v2\/pages"}],"about":[{"href":"https:\/\/cirqueoupresque.bzh\/index.php\/wp-json\/wp\/v2\/types\/page"}],"author":[{"embeddable":true,"href":"https:\/\/cirqueoupresque.bzh\/index.php\/wp-json\/wp\/v2\/users\/7"}],"replies":[{"embeddable":true,"href":"https:\/\/cirqueoupresque.bzh\/index.php\/wp-json\/wp\/v2\/comments?post=2206"}],"version-history":[{"count":17,"href":"https:\/\/cirqueoupresque.bzh\/index.php\/wp-json\/wp\/v2\/pages\/2206\/revisions"}],"predecessor-version":[{"id":3304,"href":"https:\/\/cirqueoupresque.bzh\/index.php\/wp-json\/wp\/v2\/pages\/2206\/revisions\/3304"}],"wp:attachment":[{"href":"https:\/\/cirqueoupresque.bzh\/index.php\/wp-json\/wp\/v2\/media?parent=2206"}],"curies":[{"name":"wp","href":"https:\/\/api.w.org\/{rel}","templated":true}]}}