{"id":2103,"date":"2024-02-29T15:28:52","date_gmt":"2024-02-29T14:28:52","guid":{"rendered":"https:\/\/cirqueoupresque.bzh\/?page_id=2103"},"modified":"2026-03-12T17:03:50","modified_gmt":"2026-03-12T16:03:50","slug":"collectif-sous-le-manteau","status":"publish","type":"page","link":"https:\/\/cirqueoupresque.bzh\/index.php\/collectif-sous-le-manteau\/","title":{"rendered":"Collectif Sous le Manteau"},"content":{"rendered":"<h3>Pyl\u00f4ne<\/h3>\n<p><strong>Dimanche 9 juin \u2013 14h &amp; 18h10<br \/>\n<\/strong><strong>Pelouse sud \u2013 25 min \u2013 Tout public \u2013 \u00e0 partir de 5 ans \u2013 Gratuit<\/strong><\/p>\n<p>Dans un univers de chair, d\u2019acier et de caoutchouc propre aux artistes du Collectif\u00a0Sous\u00a0le\u00a0Manteau, Pyl\u00f4ne permet la rencontre, ou une nouvelle rencontre, des acrobates du collectif. Parmi ces orf\u00e8vres du m\u00e2t chinois, Pyl\u00f4ne en regroupe trois. Elles et ils d\u00e9composent l\u2019interd\u00e9pendance de chaque individu\u00b7e pour \u00e9riger\u00a0leur agr\u00e8s de pr\u00e9dilection. On\u00a0les voit \u0153uvrer a\u0300 la t\u00e2che, ployer\u00a0sous\u00a0la force du m\u00e2t et redoubler d\u2019inventivit\u00e9 pour construire\u00a0leur espace de jeu qui deviendra ensuite un terrain d\u2019exp\u00e9rimentations acrobatiques.<\/p>\n<p>En savoir plus : <a href=\"https:\/\/www.cslm.eu\/\">www.cslm.eu<\/a><\/p>\n<figure id=\"attachment_2176\" aria-describedby=\"caption-attachment-2176\" style=\"width: 800px\" class=\"wp-caption alignnone\"><img loading=\"lazy\" decoding=\"async\" class=\"size-full wp-image-2176\" src=\"https:\/\/cirqueoupresque.bzh\/wp-content\/uploads\/2024\/02\/Collectif_sous_le_manteau_c_Marie_Maillard_4.webp\" alt=\"Festival cirque Collectif sous le manteau\" width=\"800\" height=\"649\" srcset=\"https:\/\/cirqueoupresque.bzh\/wp-content\/uploads\/2024\/02\/Collectif_sous_le_manteau_c_Marie_Maillard_4.webp 800w, https:\/\/cirqueoupresque.bzh\/wp-content\/uploads\/2024\/02\/Collectif_sous_le_manteau_c_Marie_Maillard_4-300x243.webp 300w, https:\/\/cirqueoupresque.bzh\/wp-content\/uploads\/2024\/02\/Collectif_sous_le_manteau_c_Marie_Maillard_4-768x623.webp 768w, https:\/\/cirqueoupresque.bzh\/wp-content\/uploads\/2024\/02\/Collectif_sous_le_manteau_c_Marie_Maillard_4-230x187.webp 230w, https:\/\/cirqueoupresque.bzh\/wp-content\/uploads\/2024\/02\/Collectif_sous_le_manteau_c_Marie_Maillard_4-350x284.webp 350w, https:\/\/cirqueoupresque.bzh\/wp-content\/uploads\/2024\/02\/Collectif_sous_le_manteau_c_Marie_Maillard_4-480x389.webp 480w\" sizes=\"(max-width: 800px) 100vw, 800px\" \/><figcaption id=\"caption-attachment-2176\" class=\"wp-caption-text\">\u00a9 Marie Maillard<\/figcaption><\/figure>\n<p>&nbsp;<\/p>\n<p>PARTENAIRES<\/p>\n<p>Production Collectif Sous le Manteau<\/p>\n<p>Accueils en r\u00e9sidence La Campana, Lanv\u00e9n\u00e9gen<\/p>\n","protected":false},"excerpt":{"rendered":"<p>Pyl\u00f4ne Dimanche 9 juin \u2013 14h &amp; 18h10 Pelouse sud \u2013 25 min \u2013 Tout public \u2013 \u00e0 partir de 5 ans [&hellip;]<\/p>\n","protected":false},"author":6,"featured_media":0,"parent":0,"menu_order":0,"comment_status":"closed","ping_status":"closed","template":"","meta":{"footnotes":""},"aioseo_notices":[],"_links":{"self":[{"href":"https:\/\/cirqueoupresque.bzh\/index.php\/wp-json\/wp\/v2\/pages\/2103"}],"collection":[{"href":"https:\/\/cirqueoupresque.bzh\/index.php\/wp-json\/wp\/v2\/pages"}],"about":[{"href":"https:\/\/cirqueoupresque.bzh\/index.php\/wp-json\/wp\/v2\/types\/page"}],"author":[{"embeddable":true,"href":"https:\/\/cirqueoupresque.bzh\/index.php\/wp-json\/wp\/v2\/users\/6"}],"replies":[{"embeddable":true,"href":"https:\/\/cirqueoupresque.bzh\/index.php\/wp-json\/wp\/v2\/comments?post=2103"}],"version-history":[{"count":7,"href":"https:\/\/cirqueoupresque.bzh\/index.php\/wp-json\/wp\/v2\/pages\/2103\/revisions"}],"predecessor-version":[{"id":2846,"href":"https:\/\/cirqueoupresque.bzh\/index.php\/wp-json\/wp\/v2\/pages\/2103\/revisions\/2846"}],"wp:attachment":[{"href":"https:\/\/cirqueoupresque.bzh\/index.php\/wp-json\/wp\/v2\/media?parent=2103"}],"curies":[{"name":"wp","href":"https:\/\/api.w.org\/{rel}","templated":true}]}}