{"id":2101,"date":"2024-02-29T15:30:44","date_gmt":"2024-02-29T14:30:44","guid":{"rendered":"https:\/\/cirqueoupresque.bzh\/?page_id=2101"},"modified":"2026-03-12T17:03:08","modified_gmt":"2026-03-12T16:03:08","slug":"cie-wise-fools","status":"publish","type":"page","link":"https:\/\/cirqueoupresque.bzh\/index.php\/cie-wise-fools\/","title":{"rendered":"Cie Wise Fools"},"content":{"rendered":"<h3>Trashp\u00e8ze<\/h3>\n<p><strong>Samedi 8 juin &#8211; 14h &amp; 17h20<br \/>\n<\/strong><strong>Pelouse sud \u2013 30 min \u2013 Tout public \u2013 \u00e0 partir de 3 ans \u2013 Gratuit<\/strong><\/p>\n<p>&nbsp;<\/p>\n<p>Un triple trap\u00e8ze, trois jeunes femmes aux personnalit\u00e9s bien diff\u00e9rentes qui doivent apprendre \u00e0 travailler ensemble alors qu\u2019elles ne se comprennent pas bien. Un spectacle d&#8217;acrobaties a\u00e9riennes \u00e0 l\u2019\u00e9nergie f\u00e9minine explosive\u00a0!<\/p>\n<p><iframe loading=\"lazy\" src=\"\/\/www.youtube.com\/embed\/jgqmnv904yk?t=35s\" width=\"560\" height=\"314\" allowfullscreen=\"allowfullscreen\"><\/iframe><\/p>\n<p>En savoir plus\u00a0: <a href=\"https:\/\/triowisefools.com\/\">https:\/\/triowisefools.com\/<\/a><\/p>\n<figure id=\"attachment_2178\" aria-describedby=\"caption-attachment-2178\" style=\"width: 800px\" class=\"wp-caption alignleft\"><img loading=\"lazy\" decoding=\"async\" class=\"size-full wp-image-2178\" src=\"https:\/\/cirqueoupresque.bzh\/wp-content\/uploads\/2024\/02\/Wise_Fools_Trashpeze_c_Nina_B_Zi.webp\" alt=\"Cirque Wise Fools Trashpeze\" width=\"800\" height=\"1389\" srcset=\"https:\/\/cirqueoupresque.bzh\/wp-content\/uploads\/2024\/02\/Wise_Fools_Trashpeze_c_Nina_B_Zi.webp 800w, https:\/\/cirqueoupresque.bzh\/wp-content\/uploads\/2024\/02\/Wise_Fools_Trashpeze_c_Nina_B_Zi-173x300.webp 173w, https:\/\/cirqueoupresque.bzh\/wp-content\/uploads\/2024\/02\/Wise_Fools_Trashpeze_c_Nina_B_Zi-590x1024.webp 590w, https:\/\/cirqueoupresque.bzh\/wp-content\/uploads\/2024\/02\/Wise_Fools_Trashpeze_c_Nina_B_Zi-768x1333.webp 768w, https:\/\/cirqueoupresque.bzh\/wp-content\/uploads\/2024\/02\/Wise_Fools_Trashpeze_c_Nina_B_Zi-230x399.webp 230w, https:\/\/cirqueoupresque.bzh\/wp-content\/uploads\/2024\/02\/Wise_Fools_Trashpeze_c_Nina_B_Zi-350x608.webp 350w, https:\/\/cirqueoupresque.bzh\/wp-content\/uploads\/2024\/02\/Wise_Fools_Trashpeze_c_Nina_B_Zi-480x833.webp 480w\" sizes=\"(max-width: 800px) 100vw, 800px\" \/><figcaption id=\"caption-attachment-2178\" class=\"wp-caption-text\">\u00a9 Nina B Zi<\/figcaption><\/figure>\n","protected":false},"excerpt":{"rendered":"<p>Trashp\u00e8ze Samedi 8 juin &#8211; 14h &amp; 17h20 Pelouse sud \u2013 30 min \u2013 Tout public \u2013 \u00e0 partir de 3 ans [&hellip;]<\/p>\n","protected":false},"author":6,"featured_media":0,"parent":0,"menu_order":0,"comment_status":"closed","ping_status":"closed","template":"","meta":{"footnotes":""},"aioseo_notices":[],"_links":{"self":[{"href":"https:\/\/cirqueoupresque.bzh\/index.php\/wp-json\/wp\/v2\/pages\/2101"}],"collection":[{"href":"https:\/\/cirqueoupresque.bzh\/index.php\/wp-json\/wp\/v2\/pages"}],"about":[{"href":"https:\/\/cirqueoupresque.bzh\/index.php\/wp-json\/wp\/v2\/types\/page"}],"author":[{"embeddable":true,"href":"https:\/\/cirqueoupresque.bzh\/index.php\/wp-json\/wp\/v2\/users\/6"}],"replies":[{"embeddable":true,"href":"https:\/\/cirqueoupresque.bzh\/index.php\/wp-json\/wp\/v2\/comments?post=2101"}],"version-history":[{"count":4,"href":"https:\/\/cirqueoupresque.bzh\/index.php\/wp-json\/wp\/v2\/pages\/2101\/revisions"}],"predecessor-version":[{"id":2356,"href":"https:\/\/cirqueoupresque.bzh\/index.php\/wp-json\/wp\/v2\/pages\/2101\/revisions\/2356"}],"wp:attachment":[{"href":"https:\/\/cirqueoupresque.bzh\/index.php\/wp-json\/wp\/v2\/media?parent=2101"}],"curies":[{"name":"wp","href":"https:\/\/api.w.org\/{rel}","templated":true}]}}